{"id":22,"date":"2015-11-02T07:15:11","date_gmt":"2015-11-02T07:15:11","guid":{"rendered":"http:\/\/zozothemes.com\/wp\/mistwp\/medical\/?page_id=22"},"modified":"2015-11-02T07:15:11","modified_gmt":"2015-11-02T07:15:11","slug":"blog-classic","status":"publish","type":"page","link":"https:\/\/drkinsukdas.in\/index.php\/blog-classic\/","title":{"rendered":"Blog Classic"},"content":{"rendered":"<p>[vc_row css=&#8221;.vc_custom_1488972344455{padding-top: 0px !important;}&#8221;][vc_column]<div id=\"zozo-blog-posts-container\" class=\"zozo-blog-posts-wrapper zozo-isotope-grid-system\"><div id=\"archive-posts-container\" class=\"zozo-posts-container large-layout clearfix\"><article id=\"post-13492\" class=\"large-posts post-13492 post type-post status-publish format-standard hentry category-uncategorized\"><div class=\"post-inner-wrapper\"><div class=\"entry-header\"><h2 class=\"entry-title\"><a href=\"https:\/\/drkinsukdas.in\/index.php\/a-deep-dive-into-the-betalice-terms-and-conditions\/\" rel=\"bookmark\" title=\"A Deep Dive Into The BetAlice Terms And Conditions\">A Deep Dive Into The BetAlice Terms And Conditions<\/a><\/h2><\/div><div class=\"posts-content-container\"><div class=\"entry-summary clearfix\"><p>Understanding the BetAlice Player Agreement\nNavigating the world of online gaming requires a clear understanding of the rules that govern the experience. For players engaging with platforms like BetAlice <a href=\"https:\/\/betalice.casino\">https:\/\/betalice.casino<\/a>, the terms and conditions serve as a foundational agreement that ensures safety, fairness, and transparency. This document outlines the mutual responsibilities of both the casino and the player, covering everything from account creation and bonus usage to payment processes and security protocols. Familiarising oneself with these terms is the first<\/p><\/div><div class=\"entry-meta-wrapper\"><div class=\"entry-meta\"><div class=\"post-author\"><img alt='' src='https:\/\/secure.gravatar.com\/avatar\/6db3724bc598374731f6bc9424dab690d17e2058557dbefd326a2487f2d89cc0?s=40&#038;d=mm&#038;r=g' srcset='https:\/\/secure.gravatar.com\/avatar\/6db3724bc598374731f6bc9424dab690d17e2058557dbefd326a2487f2d89cc0?s=80&#038;d=mm&#038;r=g 2x' class='avatar avatar-40 photo' height='40' width='40' \/><h6 class=\"post-author-name\"><a href=\"https:\/\/drkinsukdas.in\/index.php\/author\/drkinsukdas_wp\/\" title=\"Posts by admin\" rel=\"author\">admin<\/a><\/h6><\/div><\/div><div class=\"read-more\"><a href=\"https:\/\/drkinsukdas.in\/index.php\/a-deep-dive-into-the-betalice-terms-and-conditions\/\" class=\"btn-more read-more-link\">Read more<\/a><\/div><\/div><\/div><\/div><\/article><article id=\"post-13490\" class=\"large-posts post-13490 post type-post status-publish format-standard hentry category-uncategorized\"><div class=\"post-inner-wrapper\"><div class=\"entry-header\"><h2 class=\"entry-title\"><a href=\"https:\/\/drkinsukdas.in\/index.php\/ultimate-guide-to-responsible-gambling-at-jackpot-piraten-tips-to-play-safely-and-responsibly\/\" rel=\"bookmark\" title=\"Ultimate Guide to Responsible Gambling at Jackpot Piraten: Tips to Play Safely and Responsibly\">Ultimate Guide to Responsible Gambling at Jackpot Piraten: Tips to Play Safely and Responsibly<\/a><\/h2><\/div><div class=\"posts-content-container\"><div class=\"entry-summary clearfix\"><p>Guide to responsible gambling practices while playing at Jackpot Piraten\nFor those who indulge in online gambling, especially at platforms like <a href=\"https:\/\/jackpot-piraten.casino\">Jackpot Piraten jetzt entdecken<\/a>, it&#8217;s crucial to ensure that the gaming remains both fun and safe. Responsible gambling is about maintaining control and setting limits so that your gaming experience remains enjoyable without leading to negative consequences.\nEstablishing a Gaming Budget\nOne of the key aspects of responsible gambling is setting a budget. It&#8217;s imperative to establish a fixed amount that<\/p><\/div><div class=\"entry-meta-wrapper\"><div class=\"entry-meta\"><div class=\"post-author\"><img alt='' src='https:\/\/secure.gravatar.com\/avatar\/6db3724bc598374731f6bc9424dab690d17e2058557dbefd326a2487f2d89cc0?s=40&#038;d=mm&#038;r=g' srcset='https:\/\/secure.gravatar.com\/avatar\/6db3724bc598374731f6bc9424dab690d17e2058557dbefd326a2487f2d89cc0?s=80&#038;d=mm&#038;r=g 2x' class='avatar avatar-40 photo' height='40' width='40' \/><h6 class=\"post-author-name\"><a href=\"https:\/\/drkinsukdas.in\/index.php\/author\/drkinsukdas_wp\/\" title=\"Posts by admin\" rel=\"author\">admin<\/a><\/h6><\/div><\/div><div class=\"read-more\"><a href=\"https:\/\/drkinsukdas.in\/index.php\/ultimate-guide-to-responsible-gambling-at-jackpot-piraten-tips-to-play-safely-and-responsibly\/\" class=\"btn-more read-more-link\">Read more<\/a><\/div><\/div><\/div><\/div><\/article><article id=\"post-13489\" class=\"large-posts post-13489 post type-post status-publish format-standard hentry category-uncategorized\"><div class=\"post-inner-wrapper\"><div class=\"entry-header\"><h2 class=\"entry-title\"><a href=\"https:\/\/drkinsukdas.in\/index.php\/unlock-non-stop-casino-thrills-play-at-galacticbets-in-germany-no-gamstop-restrictions\/\" rel=\"bookmark\" title=\"Unlock Non-Stop Casino Thrills: Play at Galacticbets in Germany &#8211; No Gamstop Restrictions\">Unlock Non-Stop Casino Thrills: Play at Galacticbets in Germany &#8211; No Gamstop Restrictions<\/a><\/h2><\/div><div class=\"posts-content-container\"><div class=\"entry-summary clearfix\"><p>Playing at Galacticbets casino without gamstop scheme in Germany\nWillkommen bei Galacticbets Casino, einer aufregenden Online-Gl\u00fccksspielplattform, die speziell f\u00fcr Spieler in Deutschland, die das Gamstop-Programm umgehen m\u00f6chten, zug\u00e4nglich ist. Mit dem <a href=\"https:\/\/galacticbets.casino\">Galacticbets offizieller Zugang<\/a> er\u00f6ffnet sich Ihnen eine Welt voller spannender Casinospiele, die ohne die Einschr\u00e4nkungen des Gamstop-Programms genossen werden k\u00f6nnen.\nEinleitung zu Galacticbets Casino\nGalacticbets Casino bietet eine Vielzahl von Spielen und verlockende Boni, die es zu einem beliebten Ziel f\u00fcr Spieler machen, die nach Alternativen zum regulierten Spiel suchen. Von<\/p><\/div><div class=\"entry-meta-wrapper\"><div class=\"entry-meta\"><div class=\"post-author\"><img alt='' src='https:\/\/secure.gravatar.com\/avatar\/6db3724bc598374731f6bc9424dab690d17e2058557dbefd326a2487f2d89cc0?s=40&#038;d=mm&#038;r=g' srcset='https:\/\/secure.gravatar.com\/avatar\/6db3724bc598374731f6bc9424dab690d17e2058557dbefd326a2487f2d89cc0?s=80&#038;d=mm&#038;r=g 2x' class='avatar avatar-40 photo' height='40' width='40' \/><h6 class=\"post-author-name\"><a href=\"https:\/\/drkinsukdas.in\/index.php\/author\/drkinsukdas_wp\/\" title=\"Posts by admin\" rel=\"author\">admin<\/a><\/h6><\/div><\/div><div class=\"read-more\"><a href=\"https:\/\/drkinsukdas.in\/index.php\/unlock-non-stop-casino-thrills-play-at-galacticbets-in-germany-no-gamstop-restrictions\/\" class=\"btn-more read-more-link\">Read more<\/a><\/div><\/div><\/div><\/div><\/article><article id=\"post-13483\" class=\"large-posts post-13483 post type-post status-publish format-standard hentry category-uncategorized\"><div class=\"post-inner-wrapper\"><div class=\"entry-header\"><h2 class=\"entry-title\"><a href=\"https:\/\/drkinsukdas.in\/index.php\/50-tl-bonusla-baslayan-en-guvenilir-bahis-siteleri\/\" rel=\"bookmark\" title=\"50 TL Bonusla Ba\u015flayan En G\u00fcvenilir Bahis Siteleri\">50 TL Bonusla Ba\u015flayan En G\u00fcvenilir Bahis Siteleri<\/a><\/h2><\/div><div class=\"posts-content-container\"><div class=\"entry-summary clearfix\"><p>50 TL Bonusla Ba\u015flayan En G\u00fcvenilir Bahis Siteleri\n<\/p><\/div><div class=\"entry-meta-wrapper\"><div class=\"entry-meta\"><div class=\"post-author\"><img alt='' src='https:\/\/secure.gravatar.com\/avatar\/6db3724bc598374731f6bc9424dab690d17e2058557dbefd326a2487f2d89cc0?s=40&#038;d=mm&#038;r=g' srcset='https:\/\/secure.gravatar.com\/avatar\/6db3724bc598374731f6bc9424dab690d17e2058557dbefd326a2487f2d89cc0?s=80&#038;d=mm&#038;r=g 2x' class='avatar avatar-40 photo' height='40' width='40' \/><h6 class=\"post-author-name\"><a href=\"https:\/\/drkinsukdas.in\/index.php\/author\/drkinsukdas_wp\/\" title=\"Posts by admin\" rel=\"author\">admin<\/a><\/h6><\/div><\/div><div class=\"read-more\"><a href=\"https:\/\/drkinsukdas.in\/index.php\/50-tl-bonusla-baslayan-en-guvenilir-bahis-siteleri\/\" class=\"btn-more read-more-link\">Read more<\/a><\/div><\/div><\/div><\/div><\/article><article id=\"post-13481\" class=\"large-posts post-13481 post type-post status-publish format-standard hentry category-uncategorized\"><div class=\"post-inner-wrapper\"><div class=\"entry-header\"><h2 class=\"entry-title\"><a href=\"https:\/\/drkinsukdas.in\/index.php\/the-ultimate-overview-to-safe-online-gambling-enterprises\/\" rel=\"bookmark\" title=\"The Ultimate Overview to Safe Online Gambling Enterprises\">The Ultimate Overview to Safe Online Gambling Enterprises<\/a><\/h2><\/div><div class=\"posts-content-container\"><div class=\"entry-summary clearfix\"><p>Invite to the supreme overview to risk-free on-line casinos. In today&#8217;s digital age, on the internet gaming has come to be much more prominent than ever. Nevertheless, with the increase in popularity comes a higher threat of rip-offs and fraudulent activities. It&#8217;s crucial to understand exactly how to protect on your own and your money when taking <a href=\"https:\/\/drkinsukdas.in\/index.php\/the-ultimate-overview-to-safe-online-gambling-enterprises\/#more-13481\" class=\"more-link\"> <span class=\"meta-more-link\">&rarr;<\/span><\/a>\n<\/p><\/div><div class=\"entry-meta-wrapper\"><div class=\"entry-meta\"><div class=\"post-author\"><img alt='' src='https:\/\/secure.gravatar.com\/avatar\/6db3724bc598374731f6bc9424dab690d17e2058557dbefd326a2487f2d89cc0?s=40&#038;d=mm&#038;r=g' srcset='https:\/\/secure.gravatar.com\/avatar\/6db3724bc598374731f6bc9424dab690d17e2058557dbefd326a2487f2d89cc0?s=80&#038;d=mm&#038;r=g 2x' class='avatar avatar-40 photo' height='40' width='40' \/><h6 class=\"post-author-name\"><a href=\"https:\/\/drkinsukdas.in\/index.php\/author\/drkinsukdas_wp\/\" title=\"Posts by admin\" rel=\"author\">admin<\/a><\/h6><\/div><\/div><div class=\"read-more\"><a href=\"https:\/\/drkinsukdas.in\/index.php\/the-ultimate-overview-to-safe-online-gambling-enterprises\/\" class=\"btn-more read-more-link\">Read more<\/a><\/div><\/div><\/div><\/div><\/article><article id=\"post-13471\" class=\"large-posts post-13471 post type-post status-publish format-standard hentry category-pablic\"><div class=\"post-inner-wrapper\"><div class=\"entry-header\"><h2 class=\"entry-title\"><a href=\"https:\/\/drkinsukdas.in\/index.php\/platformy-s-licenziej-kjurasao-na-chto-obratit\/\" rel=\"bookmark\" title=\"\u041f\u043b\u0430\u0442\u0444\u043e\u0440\u043c\u044b \u0441 \u043b\u0438\u0446\u0435\u043d\u0437\u0438\u0435\u0439 \u041a\u044e\u0440\u0430\u0441\u0430\u043e: \u043d\u0430 \u0447\u0442\u043e \u043e\u0431\u0440\u0430\u0442\u0438\u0442\u044c \u0432\u043d\u0438\u043c\u0430\u043d\u0438\u0435\">\u041f\u043b\u0430\u0442\u0444\u043e\u0440\u043c\u044b \u0441 \u043b\u0438\u0446\u0435\u043d\u0437\u0438\u0435\u0439 \u041a\u044e\u0440\u0430\u0441\u0430\u043e: \u043d\u0430 \u0447\u0442\u043e \u043e\u0431\u0440\u0430\u0442\u0438\u0442\u044c \u0432\u043d\u0438\u043c\u0430\u043d\u0438\u0435<\/a><\/h2><\/div><div class=\"posts-content-container\"><div class=\"entry-summary clearfix\"><p>\u041f\u043b\u0430\u0442\u0444\u043e\u0440\u043c\u044b \u0441 \u043b\u0438\u0446\u0435\u043d\u0437\u0438\u0435\u0439 \u041a\u044e\u0440\u0430\u0441\u0430\u043e: \u043d\u0430 \u0447\u0442\u043e \u043e\u0431\u0440\u0430\u0442\u0438\u0442\u044c \u0432\u043d\u0438\u043c\u0430\u043d\u0438\u0435\n\u0427\u0442\u043e \u043f\u0440\u0435\u0434\u0441\u0442\u0430\u0432\u043b\u044f\u0435\u0442 \u0441\u043e\u0431\u043e\u0439 \u043b\u0438\u0446\u0435\u043d\u0437\u0438\u044f \u041a\u044e\u0440\u0430\u0441\u0430\u043e?\n\u041b\u0438\u0446\u0435\u043d\u0437\u0438\u044f \u041a\u044e\u0440\u0430\u0441\u0430\u043e \u2014 \u043e\u0434\u043d\u0430 \u0438\u0437 \u0441\u0430\u043c\u044b\u0445 \u043f\u043e\u043f\u0443\u043b\u044f\u0440\u043d\u044b\u0445 \u0438 \u0448\u0438\u0440\u043e\u043a\u043e \u0438\u0441\u043f\u043e\u043b\u044c\u0437\u0443\u0435\u043c\u044b\u0445 \u043b\u0438\u0446\u0435\u043d\u0437\u0438\u0439 \u0432 \u043c\u0438\u0440\u0435 \u043e\u043d\u043b\u0430\u0439\u043d-\u0438\u0433\u0440. \u042d\u0442\u043e\u0442 \u0434\u043e\u043a\u0443\u043c\u0435\u043d\u0442 \u043f\u043e\u0434\u0442\u0432\u0435\u0440\u0436\u0434\u0430\u0435\u0442 \u043b\u0435\u0433\u0430\u043b\u044c\u043d\u043e\u0441\u0442\u044c \u0438 \u043d\u0430\u0434\u0435\u0436\u043d\u043e\u0441\u0442\u044c \u0438\u0433\u0440\u043e\u0432\u043e\u0439 \u043f\u043b\u0430\u0442\u0444\u043e\u0440\u043c\u044b, \u043f\u0440\u0435\u0434\u043e\u0441\u0442\u0430\u0432\u043b\u044f\u044f \u0435\u0439 \u043f\u0440\u0430\u0432\u043e \u043d\u0430 \u043e\u0440\u0433\u0430\u043d\u0438\u0437\u0430\u0446\u0438\u044e \u0438 \u043f\u0440\u043e\u0432\u0435\u0434\u0435\u043d\u0438\u0435 \u0430\u0437\u0430\u0440\u0442\u043d\u044b\u0445 \u0438\u0433\u0440. \u041e\u0434\u043d\u0430\u043a\u043e \u043d\u0435 \u0432\u0441\u0435 \u043f\u043b\u0430\u0442\u0444\u043e\u0440\u043c\u044b \u0441 \u043b\u0438\u0446\u0435\u043d\u0437\u0438\u0435\u0439 \u041a\u044e\u0440\u0430\u0441\u0430\u043e \u043e\u0434\u0438\u043d\u0430\u043a\u043e\u0432\u044b. \u041d\u0430\u043f\u0440\u0438\u043c\u0435\u0440, <a href='https:\/\/nasimifestival.live\/'>\u043c\u043e\u0441\u0442\u0431\u0435\u0442 \u043a\u0430\u0437\u0438\u043d\u043e<\/a> \u043f\u0440\u0435\u0434\u043b\u0430\u0433\u0430\u0435\u0442 \u0441\u0432\u043e\u0438\u043c \u043f\u043e\u043b\u044c\u0437\u043e\u0432\u0430\u0442\u0435\u043b\u044f\u043c \u0432\u044b\u0441\u043e\u043a\u043e\u043a\u0430\u0447\u0435\u0441\u0442\u0432\u0435\u043d\u043d\u044b\u0435 \u0443\u0441\u043b\u0443\u0433\u0438 \u0438 \u0448\u0438\u0440\u043e\u043a\u0438\u0439 \u0430\u0441\u0441\u043e\u0440\u0442\u0438\u043c\u0435\u043d\u0442 \u0438\u0433\u0440, \u0447\u0442\u043e \u0434\u0435\u043b\u0430\u0435\u0442 \u0435\u0433\u043e \u043e\u0434\u043d\u043e\u0439 \u0438\u0437 \u043f\u0440\u0435\u0434\u043f\u043e\u0447\u0438\u0442\u0430\u0435\u043c\u044b\u0445 \u043f\u043b\u043e\u0449\u0430\u0434\u043e\u043a \u0434\u043b\u044f \u043c\u043d\u043e\u0433\u0438\u0445 \u0438\u0433\u0440\u043e\u043a\u043e\u0432.\n\u0412\u0430\u0436\u043d\u043e \u043f\u043e\u043d\u0438\u043c\u0430\u0442\u044c, \u0447\u0442\u043e \u043d\u0430\u043b\u0438\u0447\u0438\u0435 \u043b\u0438\u0446\u0435\u043d\u0437\u0438\u0438 \u041a\u044e\u0440\u0430\u0441\u0430\u043e \u043d\u0435 \u0433\u0430\u0440\u0430\u043d\u0442\u0438\u0440\u0443\u0435\u0442<\/p><\/div><div class=\"entry-meta-wrapper\"><div class=\"entry-meta\"><div class=\"post-author\"><img alt='' src='https:\/\/secure.gravatar.com\/avatar\/6db3724bc598374731f6bc9424dab690d17e2058557dbefd326a2487f2d89cc0?s=40&#038;d=mm&#038;r=g' srcset='https:\/\/secure.gravatar.com\/avatar\/6db3724bc598374731f6bc9424dab690d17e2058557dbefd326a2487f2d89cc0?s=80&#038;d=mm&#038;r=g 2x' class='avatar avatar-40 photo' height='40' width='40' \/><h6 class=\"post-author-name\"><a href=\"https:\/\/drkinsukdas.in\/index.php\/author\/drkinsukdas_wp\/\" title=\"Posts by admin\" rel=\"author\">admin<\/a><\/h6><\/div><\/div><div class=\"read-more\"><a href=\"https:\/\/drkinsukdas.in\/index.php\/platformy-s-licenziej-kjurasao-na-chto-obratit\/\" class=\"btn-more read-more-link\">Read more<\/a><\/div><\/div><\/div><\/div><\/article><\/div><\/div>[\/vc_column][\/vc_row][vc_row full_width=&#8221;stretch_row_content&#8221; bg_style=&#8221;bg-normal&#8221; center_row=&#8221;yes&#8221; typo_style=&#8221;light&#8221; css=&#8221;.vc_custom_1502431684417{margin-bottom: -75px !important;padding-top: 0px !important;padding-bottom: 0px !important;background-position: center !important;background-repeat: no-repeat !important;background-size: cover !important;}&#8221; el_class=&#8221;additional-call-to-action&#8221;][vc_column][vc_row_inner css=&#8221;.vc_custom_1502178582382{padding-top: 45px !important;padding-bottom: 45px !important;}&#8221;][vc_column_inner offset=&#8221;vc_col-lg-1 vc_col-md-12&#8243;][\/vc_column_inner][vc_column_inner offset=&#8221;vc_col-lg-8 vc_col-md-12&#8243;]<div class=\"zozo-vc-custom-css\" data-css=\"#feature-box-1 .grid-item .grid-box-inner .grid-icon { border-color:#ffffff; color:#ffffff; }\n\"><\/div><div class=\"zozo-feature-box feature-box-style style-default-box style-sep-yes vc_custom_1502178199437 clearfix\" id=\"feature-box-1\"><div class=\"grid-item\"><div class=\"grid-box-inner grid-text-left grid-box-image grid-shape-none\"><div class=\"grid-content-wrapper\"><h2 class=\"grid-title margin-bottom-0\" >Contact us for more information or book an appointment <\/h2><\/div><\/div><\/div><\/div>[\/vc_column_inner][vc_column_inner css=&#8221;.vc_custom_1502178113266{padding-top: 0px !important;}&#8221; offset=&#8221;vc_col-lg-2 vc_col-md-12&#8243;][vc_btn title=&#8221;Contact us&#8221; shape=&#8221;square&#8221; color=&#8221;white&#8221; align=&#8221;right&#8221; css_animation=&#8221;none&#8221; link=&#8221;url:http%3A%2F%2Fdemo.zozothemes.com%2Fmedicalhealth%2Fcontact%2F|||&#8221; el_class=&#8221;additional-btn&#8221;][\/vc_column_inner][vc_column_inner offset=&#8221;vc_col-lg-1 vc_col-md-12&#8243;][\/vc_column_inner][\/vc_row_inner][\/vc_column][\/vc_row]<\/p>\n","protected":false},"excerpt":{"rendered":"<p>[vc_row css=&#8221;.vc_custom_1488972344455{padding-top: 0px !important;}&#8221;][vc_column][\/vc_column][\/vc_row][vc_row full_width=&#8221;stretch_row_content&#8221; bg_style=&#8221;bg-normal&#8221; center_row=&#8221;yes&#8221; typo_style=&#8221;light&#8221; css=&#8221;.vc_custom_1502431684417{margin-bottom: -75px !important;padding-top: 0px !important;padding-bottom: 0px !important;background-position: center !important;background-repeat: no-repeat !important;background-size: cover !important;}&#8221; el_class=&#8221;additional-call-to-action&#8221;][vc_column][vc_row_inner css=&#8221;.vc_custom_1502178582382{padding-top: 45px !important;padding-bottom: 45px !important;}&#8221;][vc_column_inner offset=&#8221;vc_col-lg-1 vc_col-md-12&#8243;][\/vc_column_inner][vc_column_inner offset=&#8221;vc_col-lg-8 vc_col-md-12&#8243;][\/vc_column_inner][vc_column_inner css=&#8221;.vc_custom_1502178113266{padding-top: 0px !important;}&#8221; offset=&#8221;vc_col-lg-2 vc_col-md-12&#8243;][vc_btn title=&#8221;Contact us&#8221; shape=&#8221;square&#8221; color=&#8221;white&#8221; align=&#8221;right&#8221; css_animation=&#8221;none&#8221; link=&#8221;url:http%3A%2F%2Fdemo.zozothemes.com%2Fmedicalhealth%2Fcontact%2F|||&#8221; el_class=&#8221;additional-btn&#8221;][\/vc_column_inner][vc_column_inner offset=&#8221;vc_col-lg-1 vc_col-md-12&#8243;][\/vc_column_inner][\/vc_row_inner][\/vc_column][\/vc_row]<\/p>\n","protected":false},"author":1,"featured_media":0,"parent":0,"menu_order":0,"comment_status":"closed","ping_status":"closed","template":"","meta":{"footnotes":""},"class_list":["post-22","page","type-page","status-publish","hentry"],"_links":{"self":[{"href":"https:\/\/drkinsukdas.in\/index.php\/wp-json\/wp\/v2\/pages\/22","targetHints":{"allow":["GET"]}}],"collection":[{"href":"https:\/\/drkinsukdas.in\/index.php\/wp-json\/wp\/v2\/pages"}],"about":[{"href":"https:\/\/drkinsukdas.in\/index.php\/wp-json\/wp\/v2\/types\/page"}],"author":[{"embeddable":true,"href":"https:\/\/drkinsukdas.in\/index.php\/wp-json\/wp\/v2\/users\/1"}],"replies":[{"embeddable":true,"href":"https:\/\/drkinsukdas.in\/index.php\/wp-json\/wp\/v2\/comments?post=22"}],"version-history":[{"count":0,"href":"https:\/\/drkinsukdas.in\/index.php\/wp-json\/wp\/v2\/pages\/22\/revisions"}],"wp:attachment":[{"href":"https:\/\/drkinsukdas.in\/index.php\/wp-json\/wp\/v2\/media?parent=22"}],"curies":[{"name":"wp","href":"https:\/\/api.w.org\/{rel}","templated":true}]}}